{"id":347,"date":"2024-09-16T08:47:24","date_gmt":"2024-09-16T08:47:24","guid":{"rendered":"https:\/\/expoalma.com\/?page_id=347"},"modified":"2024-12-18T11:19:41","modified_gmt":"2024-12-18T11:19:41","slug":"trabaja-con-nosotros","status":"publish","type":"page","link":"https:\/\/expoalma.com\/en\/trabaja-con-nosotros\/","title":{"rendered":"Trabaja con nosotros"},"content":{"rendered":"<p>[et_pb_section fb_built=\u00bb1&#8243; custom_padding_last_edited=\u00bbon|tablet\u00bb next_background_color=\u00bb#ffffff\u00bb _builder_version=\u00bb4.27.0&#8243; _module_preset=\u00bbdefault\u00bb use_background_color_gradient=\u00bbon\u00bb background_color_gradient_type=\u00bbcircular\u00bb background_color_gradient_stops=\u00bb#11100e 0%|#ed1825 100%\u00bb background_color_gradient_overlays_image=\u00bbon\u00bb background_image=\u00bbhttps:\/\/expoalma.com\/wp-content\/uploads\/2024\/08\/Pepinos-2.jpg\u00bb background_blend=\u00bbscreen\u00bb custom_margin=\u00bb0px||0px||false|false\u00bb custom_padding=\u00bb125px|70px|125px|70px|true|false\u00bb custom_padding_tablet=\u00bb350px|40px|120px|40px|false|false\u00bb custom_padding_phone=\u00bb80px|0px|80px|0px|true|false\u00bb top_divider_style=\u00bbramp\u00bb top_divider_color=\u00bb#C9A840&#8243; top_divider_height=\u00bb70px\u00bb top_divider_flip=\u00bbvertical\u00bb bottom_divider_style=\u00bbramp2&#8243; bottom_divider_height=\u00bb70px\u00bb bottom_divider_flip=\u00bbvertical\u00bb animation_style=\u00bbfade\u00bb animation_speed_curve=\u00bbease\u00bb global_colors_info=\u00bb{}\u00bb][et_pb_row column_structure=\u00bb3_5,2_5&#8243; use_custom_gutter=\u00bbon\u00bb make_equal=\u00bbon\u00bb _builder_version=\u00bb4.27.0&#8243; _module_preset=\u00bbdefault\u00bb custom_margin=\u00bb0px||0px||false|false\u00bb custom_padding=\u00bb0px||0px||false|false\u00bb animation_style=\u00bbslide\u00bb animation_direction=\u00bbbottom\u00bb animation_delay=\u00bb400ms\u00bb animation_intensity_slide=\u00bb9%\u00bb animation_speed_curve=\u00bbease\u00bb custom_css_main_element=\u00bbMargin:auto\u00bb global_colors_info=\u00bb{}\u00bb][et_pb_column type=\u00bb3_5&#8243; _builder_version=\u00bb4.27.0&#8243; _module_preset=\u00bbdefault\u00bb custom_css_main_element=\u00bbmargin:auto\u00bb global_colors_info=\u00bb{}\u00bb][et_pb_text _builder_version=\u00bb4.27.0&#8243; _module_preset=\u00bbdefault\u00bb header_text_align=\u00bbleft\u00bb header_text_color=\u00bb#FFFFFF\u00bb header_font_size=\u00bb60px\u00bb custom_margin=\u00bb0px||25px||false|false\u00bb custom_padding=\u00bb0px||0px||false|false\u00bb header_font_size_tablet=\u00bb58px\u00bb header_font_size_phone=\u00bb32px\u00bb header_font_size_last_edited=\u00bbon|phone\u00bb global_colors_info=\u00bb{}\u00bb]<\/p>\n<h1>Trabaja con nosotros<\/h1>\n<p>[\/et_pb_text][\/et_pb_column][et_pb_column type=\u00bb2_5&#8243; _builder_version=\u00bb4.23.2&#8243; _module_preset=\u00bbdefault\u00bb global_colors_info=\u00bb{}\u00bb][\/et_pb_column][\/et_pb_row][\/et_pb_section][et_pb_section fb_built=\u00bb1&#8243; custom_padding_last_edited=\u00bbon|phone\u00bb _builder_version=\u00bb4.27.0&#8243; _module_preset=\u00bbdefault\u00bb background_enable_image=\u00bboff\u00bb background_size=\u00bbinitial\u00bb background_position=\u00bbtop_left\u00bb background_vertical_offset=\u00bb55%\u00bb background_enable_mask_style=\u00bbon\u00bb background_mask_style=\u00bbarch\u00bb background_mask_color=\u00bbrgba(201,168,64,0.08)\u00bb background_mask_transform=\u00bbrotate_90_degree\u00bb custom_margin=\u00bb0px||0px||false|false\u00bb custom_padding=\u00bb60px||40px||false|false\u00bb custom_padding_tablet=\u00bb120px||120px||false|false\u00bb custom_padding_phone=\u00bb90px||90px||false|false\u00bb background_last_edited=\u00bbon|tablet\u00bb background_enable_image_tablet=\u00bboff\u00bb global_colors_info=\u00bb{}\u00bb][et_pb_row column_structure=\u00bb1_2,1_2&#8243; use_custom_gutter=\u00bbon\u00bb gutter_width=\u00bb1&#8243; _builder_version=\u00bb4.27.0&#8243; _module_preset=\u00bbdefault\u00bb width=\u00bb90%\u00bb max_width=\u00bb1290px\u00bb custom_margin=\u00bb0px|auto|1px|auto|false|false\u00bb custom_margin_tablet=\u00bb0px||110px||false|false\u00bb custom_margin_phone=\u00bb0px|auto|25px|auto|false|false\u00bb custom_margin_last_edited=\u00bbon|phone\u00bb custom_padding=\u00bb0px||0px||false|false\u00bb global_colors_info=\u00bb{}\u00bb][et_pb_column type=\u00bb1_2&#8243; _builder_version=\u00bb4.23.2&#8243; _module_preset=\u00bbdefault\u00bb custom_padding=\u00bb|15px|||false|false\u00bb custom_padding_tablet=\u00bb|15px|||false|false\u00bb custom_padding_phone=\u00bb|0px|||false|false\u00bb custom_padding_last_edited=\u00bbon|phone\u00bb global_colors_info=\u00bb{}\u00bb][et_pb_text _builder_version=\u00bb4.27.0&#8243; _module_preset=\u00bbdefault\u00bb text_text_color=\u00bb#ED1825&#8243; text_font_size=\u00bb25px\u00bb custom_margin=\u00bb0px||20px||false|false\u00bb global_colors_info=\u00bb{}\u00bb]<\/p>\n<p><b><i>Trabaja en expoalma<\/i><\/b><\/p>\n<p>[\/et_pb_text][et_pb_text _builder_version=\u00bb4.27.0&#8243; _module_preset=\u00bbdefault\u00bb text_font_size=\u00bb16px\u00bb max_width=\u00bb82%\u00bb global_colors_info=\u00bb{}\u00bb]<\/p>\n<p><span>En Expoalma buscamos de forma habitual personal, si quieres hacernos llegar tu CV te tendremos en cuenta para la pr\u00f3xima selecci\u00f3n de personal.<\/span><\/p>\n<p>[\/et_pb_text][\/et_pb_column][et_pb_column type=\u00bb1_2&#8243; _builder_version=\u00bb4.23.2&#8243; _module_preset=\u00bbdefault\u00bb custom_padding=\u00bb|15px|||false|false\u00bb custom_padding_tablet=\u00bb|15px|||false|false\u00bb custom_padding_phone=\u00bb|0px|||false|false\u00bb custom_padding_last_edited=\u00bbon|phone\u00bb global_colors_info=\u00bb{}\u00bb][dsm_contact_form_7 cf7_library=\u00bb367&#8243; input_background_color=\u00bbrgba(237,24,37,0.08)\u00bb _builder_version=\u00bb4.27.0&#8243; _module_preset=\u00bbdefault\u00bb labels_text_color=\u00bb#ED1825&#8243; labels_font_size=\u00bb16px\u00bb file_font=\u00bb|&#8211;et_global_body_font_weight|||||||\u00bb file_font_size=\u00bb16px\u00bb custom_button_one=\u00bbon\u00bb button_one_text_size=\u00bb20px\u00bb button_one_text_color=\u00bb#ED1825&#8243; button_one_border_width=\u00bb1px\u00bb hover_enabled=\u00bb0&#8243; global_colors_info=\u00bb{}\u00bb button_one_text_color__hover_enabled=\u00bbon|desktop\u00bb button_one_text_color__hover=\u00bb#FFFFFF\u00bb button_one_border_radius__hover_enabled=\u00bbon|hover\u00bb button_one_border_radius__hover=\u00bb10px\u00bb sticky_enabled=\u00bb0&#8243;][\/dsm_contact_form_7][\/et_pb_column][\/et_pb_row][\/et_pb_section]<\/p>","protected":false},"excerpt":{"rendered":"<p>Trabaja con nosotrosTrabaja en expoalmaEn Expoalma buscamos de forma habitual personal, si quieres hacernos llegar tu CV te tendremos en cuenta para la pr\u00f3xima selecci\u00f3n de personal.<div class=\"et_pb_module dsm_contact_form_7 dsm_contact_form_7_0\">\n\t\t\t\t\n\t\t\t\t\n\t\t\t\t\n\t\t\t\t\n\t\t\t\t\n\t\t\t\t\n\t\t\t\t<div class=\"et_pb_module_inner\">\n\t\t\t\t\t<div class=\"\">\n\t\t\t\t\n<div class=\"wpcf7 no-js\" id=\"wpcf7-f367-o1\" lang=\"es-ES\" dir=\"ltr\" data-wpcf7-id=\"367\">\n<div class=\"screen-reader-response\"><p role=\"status\" aria-live=\"polite\" aria-atomic=\"true\"><\/p> <ul><\/ul><\/div>\n<form action=\"\/en\/wp-json\/wp\/v2\/pages\/347#wpcf7-f367-o1\" method=\"post\" class=\"wpcf7-form init\" aria-label=\"Formulario de contacto\" enctype=\"multipart\/form-data\" novalidate=\"novalidate\" data-status=\"init\" data-trp-original-action=\"\/en\/wp-json\/wp\/v2\/pages\/347#wpcf7-f367-o1\">\n<div style=\"display: none;\">\n<input type=\"hidden\" name=\"_wpcf7\" value=\"367\" \/>\n<input type=\"hidden\" name=\"_wpcf7_version\" value=\"6.0.4\" \/>\n<input type=\"hidden\" name=\"_wpcf7_locale\" value=\"es_ES\" \/>\n<input type=\"hidden\" name=\"_wpcf7_unit_tag\" value=\"wpcf7-f367-o1\" \/>\n<input type=\"hidden\" name=\"_wpcf7_container_post\" value=\"0\" \/>\n<input type=\"hidden\" name=\"_wpcf7_posted_data_hash\" value=\"\" \/>\n<\/div>\n<p><label> Tu nombre<br \/>\n<span class=\"wpcf7-form-control-wrap\" data-name=\"your-name\"><input size=\"40\" maxlength=\"400\" class=\"wpcf7-form-control wpcf7-text wpcf7-validates-as-required\" autocomplete=\"name\" aria-required=\"true\" aria-invalid=\"false\" value=\"\" type=\"text\" name=\"your-name\" \/><\/span> <\/label>\n<\/p>\n<p><label> Tu correo electr\u00f3nico<br \/>\n<span class=\"wpcf7-form-control-wrap\" data-name=\"your-email\"><input size=\"40\" maxlength=\"400\" class=\"wpcf7-form-control wpcf7-email wpcf7-validates-as-required wpcf7-text wpcf7-validates-as-email\" autocomplete=\"email\" aria-required=\"true\" aria-invalid=\"false\" value=\"\" type=\"email\" name=\"your-email\" \/><\/span> <\/label>\n<\/p>\n<p><label> Asunto<br \/>\n<span class=\"wpcf7-form-control-wrap\" data-name=\"your-subject\"><input size=\"40\" maxlength=\"400\" class=\"wpcf7-form-control wpcf7-text wpcf7-validates-as-required\" aria-required=\"true\" aria-invalid=\"false\" value=\"\" type=\"text\" name=\"your-subject\" \/><\/span> <\/label>\n<\/p>\n<p><label> Tu mensaje (opcional)<br \/>\n<span class=\"wpcf7-form-control-wrap\" data-name=\"your-message\"><textarea cols=\"40\" rows=\"10\" maxlength=\"2000\" class=\"wpcf7-form-control wpcf7-textarea\" aria-invalid=\"false\" name=\"your-message\"><\/textarea><\/span> <\/label><br \/>\n<span class=\"wpcf7-form-control-wrap\" data-name=\"file-552\"><input size=\"40\" class=\"wpcf7-form-control wpcf7-file\" accept=\"audio\/*,video\/*,image\/*\" aria-invalid=\"false\" type=\"file\" name=\"file-552\" \/><\/span>\n<\/p>\n<p>En EXPO ALMA, S.L. tratamos la informaci\u00f3n que nos facilita con el fin de prestarles el servicio solicitado y responder a sus consultas. Los datos proporcionados se conservar\u00e1n mientras se mantenga la relaci\u00f3n comercial o durante el tiempo necesario para cumplir con las obligaciones legales. Los datos no se ceder\u00e1n a terceros salvo en los casos en que exista una obligaci\u00f3n legal. Usted tiene derecho a obtener confirmaci\u00f3n sobre si en EXPO ALMA, S.L. estamos tratando sus datos personales por tanto tiene derecho a acceder a sus datos personales, rectificar los datos inexactos o solicitar su supresi\u00f3n cuando los datos ya no sean necesarios.\n<\/p>\n<p><span class=\"wpcf7-form-control-wrap\" data-name=\"acceptance-389\"><span class=\"wpcf7-form-control wpcf7-acceptance\"><span class=\"wpcf7-list-item\"><label><input type=\"checkbox\" name=\"acceptance-389\" value=\"1\" aria-invalid=\"false\" \/><span class=\"wpcf7-list-item-label\">Acepto la <a href=\"https:\/\/expoalma.com\/en\/politica-de-privacidad\/\">Pol\u00edtica de privacidad<\/a><\/span><\/label><\/span><\/span><\/span>\n<\/p>\n<p><button class=\"wpcf7-form-control wpcf7-submit has-spinner et_pb_button et_pb_bg_layout_light\" type=\"submit\" value=\"Enviar\">Enviar<\/button>\n<\/p><div class=\"wpcf7-response-output\" aria-hidden=\"true\"><\/div>\n<input type=\"hidden\" name=\"trp-form-language\" value=\"en\"\/><\/form>\n<\/div>\n\n\t\t\t<\/div>\n\t\t\t\t<\/div>\n\t\t\t<\/div><\/p>","protected":false},"author":1,"featured_media":0,"parent":0,"menu_order":0,"comment_status":"closed","ping_status":"closed","template":"","meta":{"_et_pb_use_builder":"on","_et_pb_old_content":"","_et_gb_content_width":"","footnotes":""},"class_list":["post-347","page","type-page","status-publish","hentry"],"yoast_head":"<!-- This site is optimized with the Yoast SEO plugin v24.5 - https:\/\/yoast.com\/wordpress\/plugins\/seo\/ -->\n<title>Trabaja con nosotros - Expoalma SL<\/title>\n<meta name=\"robots\" content=\"index, follow, max-snippet:-1, max-image-preview:large, max-video-preview:-1\" \/>\n<link rel=\"canonical\" href=\"https:\/\/expoalma.com\/en\/trabaja-con-nosotros\/\" \/>\n<meta property=\"og:locale\" content=\"en_GB\" \/>\n<meta property=\"og:type\" content=\"article\" \/>\n<meta property=\"og:title\" content=\"Trabaja con nosotros - Expoalma SL\" \/>\n<meta property=\"og:description\" content=\"Trabaja con nosotrosTrabaja en expoalmaEn Expoalma buscamos de forma habitual personal, si quieres hacernos llegar tu CV te tendremos en cuenta para la pr\u00f3xima selecci\u00f3n de personal.\" \/>\n<meta property=\"og:url\" content=\"https:\/\/expoalma.com\/en\/trabaja-con-nosotros\/\" \/>\n<meta property=\"og:site_name\" content=\"Expoalma SL\" \/>\n<meta property=\"article:publisher\" content=\"https:\/\/www.facebook.com\/profile.php?id=100063891732367&amp;locale=es_ES&amp;_rdr\" \/>\n<meta property=\"article:modified_time\" content=\"2024-12-18T11:19:41+00:00\" \/>\n<meta name=\"twitter:card\" content=\"summary_large_image\" \/>\n<meta name=\"twitter:label1\" content=\"Estimated reading time\" \/>\n\t<meta name=\"twitter:data1\" content=\"3 minutes\" \/>\n<script type=\"application\/ld+json\" class=\"yoast-schema-graph\">{\"@context\":\"https:\/\/schema.org\",\"@graph\":[{\"@type\":\"WebPage\",\"@id\":\"https:\/\/expoalma.com\/trabaja-con-nosotros\/\",\"url\":\"https:\/\/expoalma.com\/trabaja-con-nosotros\/\",\"name\":\"Trabaja con nosotros - Expoalma SL\",\"isPartOf\":{\"@id\":\"https:\/\/expoalma.com\/#website\"},\"datePublished\":\"2024-09-16T08:47:24+00:00\",\"dateModified\":\"2024-12-18T11:19:41+00:00\",\"breadcrumb\":{\"@id\":\"https:\/\/expoalma.com\/trabaja-con-nosotros\/#breadcrumb\"},\"inLanguage\":\"en-GB\",\"potentialAction\":[{\"@type\":\"ReadAction\",\"target\":[\"https:\/\/expoalma.com\/trabaja-con-nosotros\/\"]}]},{\"@type\":\"BreadcrumbList\",\"@id\":\"https:\/\/expoalma.com\/trabaja-con-nosotros\/#breadcrumb\",\"itemListElement\":[{\"@type\":\"ListItem\",\"position\":1,\"name\":\"Portada\",\"item\":\"https:\/\/expoalma.com\/\"},{\"@type\":\"ListItem\",\"position\":2,\"name\":\"Trabaja con nosotros\"}]},{\"@type\":\"WebSite\",\"@id\":\"https:\/\/expoalma.com\/#website\",\"url\":\"https:\/\/expoalma.com\/\",\"name\":\"Expoalma Import - Export\",\"description\":\"Producci\u00f3n y comercializaci\u00f3n de hortalizas\",\"publisher\":{\"@id\":\"https:\/\/expoalma.com\/#organization\"},\"potentialAction\":[{\"@type\":\"SearchAction\",\"target\":{\"@type\":\"EntryPoint\",\"urlTemplate\":\"https:\/\/expoalma.com\/?s={search_term_string}\"},\"query-input\":{\"@type\":\"PropertyValueSpecification\",\"valueRequired\":true,\"valueName\":\"search_term_string\"}}],\"inLanguage\":\"en-GB\"},{\"@type\":\"Organization\",\"@id\":\"https:\/\/expoalma.com\/#organization\",\"name\":\"Expoalma Import - Export\",\"url\":\"https:\/\/expoalma.com\/\",\"logo\":{\"@type\":\"ImageObject\",\"inLanguage\":\"en-GB\",\"@id\":\"https:\/\/expoalma.com\/#\/schema\/logo\/image\/\",\"url\":\"https:\/\/expoalma.com\/wp-content\/uploads\/2024\/09\/logo.jpg\",\"contentUrl\":\"https:\/\/expoalma.com\/wp-content\/uploads\/2024\/09\/logo.jpg\",\"width\":945,\"height\":435,\"caption\":\"Expoalma Import - Export\"},\"image\":{\"@id\":\"https:\/\/expoalma.com\/#\/schema\/logo\/image\/\"},\"sameAs\":[\"https:\/\/www.facebook.com\/profile.php?id=100063891732367&locale=es_ES&_rdr\"]}]}<\/script>\n<!-- \/ Yoast SEO plugin. -->","yoast_head_json":{"title":"Trabaja con nosotros - Expoalma SL","robots":{"index":"index","follow":"follow","max-snippet":"max-snippet:-1","max-image-preview":"max-image-preview:large","max-video-preview":"max-video-preview:-1"},"canonical":"https:\/\/expoalma.com\/en\/trabaja-con-nosotros\/","og_locale":"en_GB","og_type":"article","og_title":"Trabaja con nosotros - Expoalma SL","og_description":"Trabaja con nosotrosTrabaja en expoalmaEn Expoalma buscamos de forma habitual personal, si quieres hacernos llegar tu CV te tendremos en cuenta para la pr\u00f3xima selecci\u00f3n de personal.","og_url":"https:\/\/expoalma.com\/en\/trabaja-con-nosotros\/","og_site_name":"Expoalma SL","article_publisher":"https:\/\/www.facebook.com\/profile.php?id=100063891732367&locale=es_ES&_rdr","article_modified_time":"2024-12-18T11:19:41+00:00","twitter_card":"summary_large_image","twitter_misc":{"Estimated reading time":"3 minutes"},"schema":{"@context":"https:\/\/schema.org","@graph":[{"@type":"WebPage","@id":"https:\/\/expoalma.com\/trabaja-con-nosotros\/","url":"https:\/\/expoalma.com\/trabaja-con-nosotros\/","name":"Trabaja con nosotros - Expoalma SL","isPartOf":{"@id":"https:\/\/expoalma.com\/#website"},"datePublished":"2024-09-16T08:47:24+00:00","dateModified":"2024-12-18T11:19:41+00:00","breadcrumb":{"@id":"https:\/\/expoalma.com\/trabaja-con-nosotros\/#breadcrumb"},"inLanguage":"en-GB","potentialAction":[{"@type":"ReadAction","target":["https:\/\/expoalma.com\/trabaja-con-nosotros\/"]}]},{"@type":"BreadcrumbList","@id":"https:\/\/expoalma.com\/trabaja-con-nosotros\/#breadcrumb","itemListElement":[{"@type":"ListItem","position":1,"name":"Portada","item":"https:\/\/expoalma.com\/"},{"@type":"ListItem","position":2,"name":"Trabaja con nosotros"}]},{"@type":"WebSite","@id":"https:\/\/expoalma.com\/#website","url":"https:\/\/expoalma.com\/","name":"Expoalma Import - Export","description":"Producci\u00f3n y comercializaci\u00f3n de hortalizas","publisher":{"@id":"https:\/\/expoalma.com\/#organization"},"potentialAction":[{"@type":"SearchAction","target":{"@type":"EntryPoint","urlTemplate":"https:\/\/expoalma.com\/?s={search_term_string}"},"query-input":{"@type":"PropertyValueSpecification","valueRequired":true,"valueName":"search_term_string"}}],"inLanguage":"en-GB"},{"@type":"Organization","@id":"https:\/\/expoalma.com\/#organization","name":"Expoalma Import - Export","url":"https:\/\/expoalma.com\/","logo":{"@type":"ImageObject","inLanguage":"en-GB","@id":"https:\/\/expoalma.com\/#\/schema\/logo\/image\/","url":"https:\/\/expoalma.com\/wp-content\/uploads\/2024\/09\/logo.jpg","contentUrl":"https:\/\/expoalma.com\/wp-content\/uploads\/2024\/09\/logo.jpg","width":945,"height":435,"caption":"Expoalma Import - Export"},"image":{"@id":"https:\/\/expoalma.com\/#\/schema\/logo\/image\/"},"sameAs":["https:\/\/www.facebook.com\/profile.php?id=100063891732367&locale=es_ES&_rdr"]}]}},"_links":{"self":[{"href":"https:\/\/expoalma.com\/en\/wp-json\/wp\/v2\/pages\/347","targetHints":{"allow":["GET"]}}],"collection":[{"href":"https:\/\/expoalma.com\/en\/wp-json\/wp\/v2\/pages"}],"about":[{"href":"https:\/\/expoalma.com\/en\/wp-json\/wp\/v2\/types\/page"}],"author":[{"embeddable":true,"href":"https:\/\/expoalma.com\/en\/wp-json\/wp\/v2\/users\/1"}],"replies":[{"embeddable":true,"href":"https:\/\/expoalma.com\/en\/wp-json\/wp\/v2\/comments?post=347"}],"version-history":[{"count":8,"href":"https:\/\/expoalma.com\/en\/wp-json\/wp\/v2\/pages\/347\/revisions"}],"predecessor-version":[{"id":456,"href":"https:\/\/expoalma.com\/en\/wp-json\/wp\/v2\/pages\/347\/revisions\/456"}],"wp:attachment":[{"href":"https:\/\/expoalma.com\/en\/wp-json\/wp\/v2\/media?parent=347"}],"curies":[{"name":"wp","href":"https:\/\/api.w.org\/{rel}","templated":true}]}}