{"id":444,"date":"2024-11-27T15:11:43","date_gmt":"2024-11-27T15:11:43","guid":{"rendered":"https:\/\/expoalma.com\/?page_id=444"},"modified":"2024-11-27T15:14:15","modified_gmt":"2024-11-27T15:14:15","slug":"politica-de-cookies","status":"publish","type":"page","link":"https:\/\/expoalma.com\/en\/politica-de-cookies\/","title":{"rendered":"Pol\u00edtica de Cookies"},"content":{"rendered":"<p>[et_pb_section fb_built=\u00bb1&#8243; custom_padding_last_edited=\u00bbon|tablet\u00bb next_background_color=\u00bb#ffffff\u00bb _builder_version=\u00bb4.27.0&#8243; _module_preset=\u00bbdefault\u00bb use_background_color_gradient=\u00bbon\u00bb background_color_gradient_type=\u00bbcircular\u00bb background_color_gradient_stops=\u00bb#11100e 0%|#ed1825 100%\u00bb background_color_gradient_overlays_image=\u00bbon\u00bb background_image=\u00bbhttps:\/\/expoalma.com\/wp-content\/uploads\/2024\/08\/Pepinos-2.jpg\u00bb background_blend=\u00bbscreen\u00bb custom_margin=\u00bb0px||0px||false|false\u00bb custom_padding=\u00bb125px|70px|125px|70px|true|false\u00bb custom_padding_tablet=\u00bb350px|40px|120px|40px|false|false\u00bb custom_padding_phone=\u00bb80px|0px|80px|0px|true|false\u00bb top_divider_style=\u00bbramp\u00bb top_divider_color=\u00bb#C9A840&#8243; top_divider_height=\u00bb70px\u00bb top_divider_flip=\u00bbvertical\u00bb bottom_divider_style=\u00bbramp2&#8243; bottom_divider_height=\u00bb70px\u00bb bottom_divider_flip=\u00bbvertical\u00bb animation_style=\u00bbfade\u00bb animation_speed_curve=\u00bbease\u00bb global_colors_info=\u00bb{}\u00bb theme_builder_area=\u00bbpost_content\u00bb][et_pb_row use_custom_gutter=\u00bbon\u00bb make_equal=\u00bbon\u00bb _builder_version=\u00bb4.27.0&#8243; _module_preset=\u00bbdefault\u00bb custom_margin=\u00bb0px||0px||false|false\u00bb custom_padding=\u00bb0px||0px||false|false\u00bb animation_style=\u00bbslide\u00bb animation_direction=\u00bbbottom\u00bb animation_delay=\u00bb400ms\u00bb animation_intensity_slide=\u00bb9%\u00bb animation_speed_curve=\u00bbease\u00bb custom_css_main_element=\u00bbMargin:auto\u00bb global_colors_info=\u00bb{}\u00bb theme_builder_area=\u00bbpost_content\u00bb][et_pb_column type=\u00bb4_4&#8243; _builder_version=\u00bb4.27.0&#8243; _module_preset=\u00bbdefault\u00bb custom_css_main_element=\u00bbmargin:auto\u00bb global_colors_info=\u00bb{}\u00bb theme_builder_area=\u00bbpost_content\u00bb][et_pb_text _builder_version=\u00bb4.27.0&#8243; _module_preset=\u00bbdefault\u00bb header_font=\u00bb||||||||\u00bb header_text_align=\u00bbleft\u00bb header_text_color=\u00bb#FFFFFF\u00bb header_font_size=\u00bb60px\u00bb custom_margin=\u00bb0px||25px||false|false\u00bb custom_padding=\u00bb0px||0px||false|false\u00bb header_font_size_tablet=\u00bb58px\u00bb header_font_size_phone=\u00bb32px\u00bb header_font_size_last_edited=\u00bbon|phone\u00bb global_colors_info=\u00bb{}\u00bb theme_builder_area=\u00bbpost_content\u00bb]<\/p>\n<h1><span style=\"font-weight: 400;\">Pol\u00edtica de Cookies<\/span><\/h1>\n<p>[\/et_pb_text][\/et_pb_column][\/et_pb_row][\/et_pb_section][et_pb_section fb_built=\u00bb1&#8243; custom_padding_last_edited=\u00bbon|phone\u00bb _builder_version=\u00bb4.27.0&#8243; _module_preset=\u00bbdefault\u00bb background_enable_image=\u00bboff\u00bb background_size=\u00bbinitial\u00bb background_position=\u00bbtop_left\u00bb background_vertical_offset=\u00bb55%\u00bb background_enable_mask_style=\u00bbon\u00bb background_mask_style=\u00bbarch\u00bb background_mask_color=\u00bbrgba(201,168,64,0.08)\u00bb background_mask_transform=\u00bbrotate_90_degree\u00bb custom_margin=\u00bb0px||0px||false|false\u00bb custom_padding=\u00bb80px||40px||false|false\u00bb custom_padding_tablet=\u00bb120px||120px||false|false\u00bb custom_padding_phone=\u00bb90px||90px||false|false\u00bb background_last_edited=\u00bbon|tablet\u00bb background_enable_image_tablet=\u00bboff\u00bb global_colors_info=\u00bb{}\u00bb theme_builder_area=\u00bbpost_content\u00bb][et_pb_row use_custom_gutter=\u00bbon\u00bb gutter_width=\u00bb1&#8243; _builder_version=\u00bb4.27.0&#8243; _module_preset=\u00bbdefault\u00bb width=\u00bb90%\u00bb max_width=\u00bb1290px\u00bb custom_margin=\u00bb0px|auto|1px|auto|false|false\u00bb custom_margin_tablet=\u00bb0px||110px||false|false\u00bb custom_margin_phone=\u00bb0px|auto|25px|auto|false|false\u00bb custom_margin_last_edited=\u00bbon|phone\u00bb custom_padding=\u00bb0px||0px||false|false\u00bb global_colors_info=\u00bb{}\u00bb theme_builder_area=\u00bbpost_content\u00bb][et_pb_column type=\u00bb4_4&#8243; _builder_version=\u00bb4.23.2&#8243; _module_preset=\u00bbdefault\u00bb custom_padding=\u00bb|15px|||false|false\u00bb custom_padding_tablet=\u00bb|15px|||false|false\u00bb custom_padding_phone=\u00bb|0px|||false|false\u00bb custom_padding_last_edited=\u00bbon|phone\u00bb global_colors_info=\u00bb{}\u00bb theme_builder_area=\u00bbpost_content\u00bb][et_pb_text _builder_version=\u00bb4.27.0&#8243; _module_preset=\u00bbdefault\u00bb text_font_size=\u00bb18px\u00bb text_orientation=\u00bbjustified\u00bb custom_margin=\u00bb|18px|||false|false\u00bb global_colors_info=\u00bb{}\u00bb theme_builder_area=\u00bbpost_content\u00bb]<\/p>\n<p><b style=\"font-size: 18px;\">\u00bfQu\u00e9 son las cookies?<\/b><\/p>\n<p><span style=\"font-weight: 400;\">Una cookie es un fichero que se descarga en su ordenador al acceder a determinadas p\u00e1ginas web. Las cookies permiten a una p\u00e1gina web, entre otras cosas, almacenar y recuperar informaci\u00f3n sobre los h\u00e1bitos de navegaci\u00f3n de un usuario o de su equipo y, dependiendo de la informaci\u00f3n que contengan y de la forma en que utilice su equipo, pueden utilizarse para reconocer al usuario.\u00a0<\/span><\/p>\n<p>\u00a0<span style=\"font-weight: 400;\">La web de EXPO ALMA, S.L. utiliza estas cookies propias y de terceros, todas en el dominio :\u00a0<\/span><\/p>\n<p>\u00a0<span style=\"font-weight: 400;\">(Aqu\u00ed indicar el tipo de Cookie, la finalidad, la caducidad y ofrecer la opci\u00f3n de aceptar o no dicha cookie, por defecto siempre vendr\u00e1n rechazadas)<\/span><\/p>\n<p>&nbsp;<\/p>\n<table>\n<tbody>\n<tr>\n<td>\n<p><b>Cookie<\/b><\/p>\n<\/td>\n<td>\n<p><b>Tipo<\/b><\/p>\n<\/td>\n<td>\n<p><b>Finalidad<\/b><\/p>\n<\/td>\n<td>\n<p><b>Caducidad<\/b><\/p>\n<\/td>\n<td>\n<p><b>Aceptar\/Rechazar<\/b><\/p>\n<\/td>\n<\/tr>\n<tr>\n<td>\n<p>&nbsp;<\/p>\n<\/td>\n<td>\n<p>&nbsp;<\/p>\n<\/td>\n<td>\n<p>&nbsp;<\/p>\n<\/td>\n<td>\n<p>&nbsp;<\/p>\n<\/td>\n<td>\n<p>&nbsp;<\/p>\n<\/td>\n<\/tr>\n<tr>\n<td>\n<p>&nbsp;<\/p>\n<\/td>\n<td>\n<p>&nbsp;<\/p>\n<\/td>\n<td>\n<p>&nbsp;<\/p>\n<\/td>\n<td>\n<p>&nbsp;<\/p>\n<\/td>\n<td>\n<p>&nbsp;<\/p>\n<\/td>\n<\/tr>\n<tr>\n<td>\n<p>&nbsp;<\/p>\n<\/td>\n<td>\n<p>&nbsp;<\/p>\n<\/td>\n<td>\n<p>&nbsp;<\/p>\n<\/td>\n<td>\n<p>&nbsp;<\/p>\n<\/td>\n<td>\n<p>&nbsp;<\/p>\n<\/td>\n<\/tr>\n<tr>\n<td>\n<p>&nbsp;<\/p>\n<\/td>\n<td>\n<p>&nbsp;<\/p>\n<\/td>\n<td>\n<p>&nbsp;<\/p>\n<\/td>\n<td>\n<p>&nbsp;<\/p>\n<\/td>\n<td>\n<p>&nbsp;<\/p>\n<\/td>\n<\/tr>\n<\/tbody>\n<\/table>\n<p>\u00a0<b>\u00bfQu\u00e9 tipos de cookies utiliza esta p\u00e1gina web?<\/b>\u00a0<\/p>\n<ol>\n<li><b> <\/b><span style=\"font-weight: 400;\">Tipos de cookies seg\u00fan la entidad que las gestione:<\/span><\/li>\n<\/ol>\n<p><b>Cookies propias<\/b><span style=\"font-weight: 400;\">: Son aqu\u00e9llas que se env\u00edan al equipo terminal del usuario desde un equipo o dominio gestionado por el propio editor y desde el que se presta el servicio solicitado por el usuario<\/span><\/p>\n<p><b>Cookies de terceros<\/b><span style=\"font-weight: 400;\">: Son aqu\u00e9llas que se env\u00edan al equipo terminal del usuario desde un equipo o dominio que no es gestionado por el editor, sino por otra entidad que trata los datos obtenidos trav\u00e9s de las cookies.<\/span><\/p>\n<p><span style=\"font-weight: 400;\">Algunas funcionalidades de este sitio utilizan plugins de terceros como google maps, botones de redes sociales como Facebook, Google+ y Twitter o v\u00eddeos alojados en YouTube. Estos servicios de terceros podr\u00edan utilizar cookies y, aunque hemos elegido integrar esos servicios en nuestra p\u00e1gina web, nosotros no tenemos control sobre las cookies empleadas por estos servicios. Dado que los detalles sobre estas cookies podr\u00edan variar, hemos listado informaci\u00f3n sobre estos terceros y links a sus propias pol\u00edticas de privacidad a continuaci\u00f3n. Las cookies empleadas pueden variar en funci\u00f3n de si est\u00e1s o no registrado en la red social mientras visitas nuestra web.<\/span><\/p>\n<p>&nbsp;<\/p>\n<p><a href=\"http:\/\/www.google.com\/intl\/es\/policies\/technologies\/cookies\/\"><b>Ver pol\u00edtica de cookies de Google Maps<\/b><\/a><\/p>\n<p><a href=\"https:\/\/www.facebook.com\/policies\/cookies\/\"><b>Ver la pol\u00edtica de cookies de Facebook<\/b><\/a><\/p>\n<p><a href=\"http:\/\/www.google.com\/intl\/es\/policies\/technologies\/cookies\/\"><b>Ver pol\u00edtica de cookies de Google+<\/b><\/a><\/p>\n<p><a href=\"https:\/\/twitter.com\/privacy\"><b>Ver la pol\u00edtica de cookies de Twitter<\/b><\/a><\/p>\n<p><a href=\"http:\/\/www.google.com\/intl\/es\/policies\/technologies\/cookies\/\"><b>Ver pol\u00edtica de cookies de YouTube<\/b><\/a><\/p>\n<ol start=\"2\">\n<li><span style=\"font-weight: 400;\">Tipos de cookies seg\u00fan el plazo de tiempo que permanecen activadas.<\/span><span style=\"font-weight: 400;\"><br \/><\/span><span style=\"font-weight: 400;\">Seg\u00fan el plazo de tiempo que permanecen activadas en el equipo terminal podemos distinguir:\u00a0<\/span><\/li>\n<\/ol>\n<p><b>Cookies de sesi\u00f3n<\/b><span style=\"font-weight: 400;\">: Son un tipo de cookies dise\u00f1adas para recabar y almacenar datos mientras el usuario accede a una p\u00e1gina web. Se suelen emplear para almacenar informaci\u00f3n que solo interesa conservar para la prestaci\u00f3n del servicio solicitado por el usuario en una sola ocasi\u00f3n (p.e. una lista de productos adquiridos).<\/span><span style=\"font-size: 18px;\">\u00a0<\/span><\/p>\n<p><b>Cookies persistentes<\/b><span style=\"font-weight: 400;\">: Son un tipo de cookies en el que los datos siguen almacenados en el terminal y pueden ser accedidos y tratados durante un periodo definido por el responsable de la cookie, y que puede ir de unos minutos a varios a\u00f1os.\u00a0<\/span><\/p>\n<p><span style=\"font-size: 18px;\">Tipos de cookies seg\u00fan su finalidad\u00a0<\/span><\/p>\n<p><b>Cookies t\u00e9cnicas<\/b><span style=\"font-weight: 400;\">: Son aqu\u00e9llas que permiten al usuario la navegaci\u00f3n a trav\u00e9s de una p\u00e1gina web, plataforma o aplicaci\u00f3n y la utilizaci\u00f3n de las diferentes opciones o servicios que en ella existan como, por ejemplo, controlar el tr\u00e1fico y la comunicaci\u00f3n de datos, identificar la sesi\u00f3n, acceder a partes de acceso restringido, recordar los elementos que integran un pedido, realizar el proceso de compra de un pedido, realizar la solicitud de inscripci\u00f3n o participaci\u00f3n en un evento, utilizar elementos de seguridad durante la navegaci\u00f3n, almacenar contenidos para la difusi\u00f3n de videos o sonido o compartir contenidos a trav\u00e9s de redes sociales. <\/span><span style=\"font-size: 18px;\">\u00a0<\/span><\/p>\n<p><b>Cookies de an\u00e1lisis<\/b><span style=\"font-weight: 400;\">: Son aqu\u00e9llas que permiten al responsable de las mismas, el seguimiento y an\u00e1lisis del comportamiento de los usuarios de los sitios web a los que est\u00e1n vinculadas. La informaci\u00f3n recogida mediante este tipo de cookies se utiliza en la medici\u00f3n de la actividad de los sitios web, aplicaci\u00f3n o plataforma y para la elaboraci\u00f3n de perfiles de navegaci\u00f3n de los usuarios de dichos sitios, aplicaciones y plataformas, con el fin de introducir mejoras en funci\u00f3n del an\u00e1lisis de los datos de uso que hacen los usuarios del servicio. Pueden ser propias pero tambi\u00e9n de terceros.<\/span><span style=\"font-size: 18px;\">\u00a0<\/span><\/p>\n<p><span style=\"font-weight: 400;\">En el siguiente enlace puede consultar todos los tipos de cookies existentes:<\/span><span style=\"font-weight: 400;\"><br \/><\/span><a href=\"http:\/\/www.agpd.es\/portalwebAGPD\/canaldocumentacion\/publicaciones\/common\/Guias\/Guia_Cookies.pdf\"><b>http:\/\/www.agpd.es\/portalwebAGPD\/canaldocumentacion\/publicaciones\/common\/Guias\/Guia_Cookies.pdf<\/b><\/a><\/p>\n<p><b>\u00bfC\u00f3mo modificar la configuraci\u00f3n de las cookies en tu navegador?<\/b><\/p>\n<p><span style=\"font-weight: 400;\">Los usuarios pueden configurar su navegador seg\u00fan sus preferencias, de manera que se deshabilite o bloquee la<\/span><\/p>\n<p><span style=\"font-weight: 400;\">recepci\u00f3n de todas o algunas de las cookies.<\/span><\/p>\n<p><span style=\"font-weight: 400;\">La forma de configurar los diferentes navegadores las puede consultar en:\u00a0<\/span><\/p>\n<p>&nbsp;<\/p>\n<p><b>Firefox:\u00a0<\/b><a href=\"http:\/\/support.mozilla.org\/es\/kb\/cookies-informacion-que-los-sitios-web-guardan-en-?redirectlocale=en-US&amp;redirectslug=Cookies\"><b>Informaci\u00f3n sobre cookies en Firefox<\/b><\/a><\/p>\n<p><b>Chrome:\u00a0<\/b><a href=\"https:\/\/support.google.com\/chrome\/answer\/95647?hl=es\"><b>Informaci\u00f3n sobre cookies en Chrome<\/b><\/a><\/p>\n<p><b>Explorer:\u00a0<\/b><a href=\"http:\/\/windows.microsoft.com\/es-es\/windows7\/how-to-manage-cookies-in-internet-explorer-9\"><b>Informaci\u00f3n sobre cookies en Internet Explorer<\/b><\/a><\/p>\n<p><b>Safari:\u00a0<\/b><a href=\"http:\/\/translate.google.com\/translate?hl=en&amp;sl=en&amp;tl=es&amp;u=http%3A%2F%2Fsupport.apple.com%2Fkb%2Fph5042\"><b>Informaci\u00f3n sobre cookies en Safari<\/b><span style=\"font-weight: 400;\"><br \/><\/span><\/a><\/p>\n<p>&nbsp;<\/p>\n<p>[\/et_pb_text][\/et_pb_column][\/et_pb_row][\/et_pb_section]<\/p>","protected":false},"excerpt":{"rendered":"<p>Pol\u00edtica de Cookies\u00bfQu\u00e9 son las cookies? Una cookie es un fichero que se descarga en su ordenador al acceder a determinadas p\u00e1ginas web. Las cookies permiten a una p\u00e1gina web, entre otras cosas, almacenar y recuperar informaci\u00f3n sobre los h\u00e1bitos de navegaci\u00f3n de un usuario o de su equipo y, dependiendo de la informaci\u00f3n que [&hellip;]<\/p>","protected":false},"author":2,"featured_media":0,"parent":0,"menu_order":0,"comment_status":"closed","ping_status":"closed","template":"","meta":{"_et_pb_use_builder":"on","_et_pb_old_content":"","_et_gb_content_width":"","footnotes":""},"class_list":["post-444","page","type-page","status-publish","hentry"],"yoast_head":"<!-- This site is optimized with the Yoast SEO plugin v24.5 - https:\/\/yoast.com\/wordpress\/plugins\/seo\/ -->\n<title>Pol\u00edtica de Cookies - Expoalma SL<\/title>\n<meta name=\"robots\" content=\"index, follow, max-snippet:-1, max-image-preview:large, max-video-preview:-1\" \/>\n<link rel=\"canonical\" href=\"https:\/\/expoalma.com\/en\/politica-de-cookies\/\" \/>\n<meta property=\"og:locale\" content=\"en_GB\" \/>\n<meta property=\"og:type\" content=\"article\" \/>\n<meta property=\"og:title\" content=\"Pol\u00edtica de Cookies - Expoalma SL\" \/>\n<meta property=\"og:description\" content=\"Pol\u00edtica de Cookies\u00bfQu\u00e9 son las cookies? Una cookie es un fichero que se descarga en su ordenador al acceder a determinadas p\u00e1ginas web. Las cookies permiten a una p\u00e1gina web, entre otras cosas, almacenar y recuperar informaci\u00f3n sobre los h\u00e1bitos de navegaci\u00f3n de un usuario o de su equipo y, dependiendo de la informaci\u00f3n que [&hellip;]\" \/>\n<meta property=\"og:url\" content=\"https:\/\/expoalma.com\/en\/politica-de-cookies\/\" \/>\n<meta property=\"og:site_name\" content=\"Expoalma SL\" \/>\n<meta property=\"article:publisher\" content=\"https:\/\/www.facebook.com\/profile.php?id=100063891732367&amp;locale=es_ES&amp;_rdr\" \/>\n<meta property=\"article:modified_time\" content=\"2024-11-27T15:14:15+00:00\" \/>\n<meta name=\"twitter:card\" content=\"summary_large_image\" \/>\n<script type=\"application\/ld+json\" class=\"yoast-schema-graph\">{\"@context\":\"https:\/\/schema.org\",\"@graph\":[{\"@type\":\"WebPage\",\"@id\":\"https:\/\/expoalma.com\/politica-de-cookies\/\",\"url\":\"https:\/\/expoalma.com\/politica-de-cookies\/\",\"name\":\"Pol\u00edtica de Cookies - Expoalma SL\",\"isPartOf\":{\"@id\":\"https:\/\/expoalma.com\/#website\"},\"datePublished\":\"2024-11-27T15:11:43+00:00\",\"dateModified\":\"2024-11-27T15:14:15+00:00\",\"breadcrumb\":{\"@id\":\"https:\/\/expoalma.com\/politica-de-cookies\/#breadcrumb\"},\"inLanguage\":\"en-GB\",\"potentialAction\":[{\"@type\":\"ReadAction\",\"target\":[\"https:\/\/expoalma.com\/politica-de-cookies\/\"]}]},{\"@type\":\"BreadcrumbList\",\"@id\":\"https:\/\/expoalma.com\/politica-de-cookies\/#breadcrumb\",\"itemListElement\":[{\"@type\":\"ListItem\",\"position\":1,\"name\":\"Portada\",\"item\":\"https:\/\/expoalma.com\/\"},{\"@type\":\"ListItem\",\"position\":2,\"name\":\"Pol\u00edtica de Cookies\"}]},{\"@type\":\"WebSite\",\"@id\":\"https:\/\/expoalma.com\/#website\",\"url\":\"https:\/\/expoalma.com\/\",\"name\":\"Expoalma Import - Export\",\"description\":\"Producci\u00f3n y comercializaci\u00f3n de hortalizas\",\"publisher\":{\"@id\":\"https:\/\/expoalma.com\/#organization\"},\"potentialAction\":[{\"@type\":\"SearchAction\",\"target\":{\"@type\":\"EntryPoint\",\"urlTemplate\":\"https:\/\/expoalma.com\/?s={search_term_string}\"},\"query-input\":{\"@type\":\"PropertyValueSpecification\",\"valueRequired\":true,\"valueName\":\"search_term_string\"}}],\"inLanguage\":\"en-GB\"},{\"@type\":\"Organization\",\"@id\":\"https:\/\/expoalma.com\/#organization\",\"name\":\"Expoalma Import - Export\",\"url\":\"https:\/\/expoalma.com\/\",\"logo\":{\"@type\":\"ImageObject\",\"inLanguage\":\"en-GB\",\"@id\":\"https:\/\/expoalma.com\/#\/schema\/logo\/image\/\",\"url\":\"https:\/\/expoalma.com\/wp-content\/uploads\/2024\/09\/logo.jpg\",\"contentUrl\":\"https:\/\/expoalma.com\/wp-content\/uploads\/2024\/09\/logo.jpg\",\"width\":945,\"height\":435,\"caption\":\"Expoalma Import - Export\"},\"image\":{\"@id\":\"https:\/\/expoalma.com\/#\/schema\/logo\/image\/\"},\"sameAs\":[\"https:\/\/www.facebook.com\/profile.php?id=100063891732367&locale=es_ES&_rdr\"]}]}<\/script>\n<!-- \/ Yoast SEO plugin. -->","yoast_head_json":{"title":"Pol\u00edtica de Cookies - Expoalma SL","robots":{"index":"index","follow":"follow","max-snippet":"max-snippet:-1","max-image-preview":"max-image-preview:large","max-video-preview":"max-video-preview:-1"},"canonical":"https:\/\/expoalma.com\/en\/politica-de-cookies\/","og_locale":"en_GB","og_type":"article","og_title":"Pol\u00edtica de Cookies - Expoalma SL","og_description":"Pol\u00edtica de Cookies\u00bfQu\u00e9 son las cookies? Una cookie es un fichero que se descarga en su ordenador al acceder a determinadas p\u00e1ginas web. Las cookies permiten a una p\u00e1gina web, entre otras cosas, almacenar y recuperar informaci\u00f3n sobre los h\u00e1bitos de navegaci\u00f3n de un usuario o de su equipo y, dependiendo de la informaci\u00f3n que [&hellip;]","og_url":"https:\/\/expoalma.com\/en\/politica-de-cookies\/","og_site_name":"Expoalma SL","article_publisher":"https:\/\/www.facebook.com\/profile.php?id=100063891732367&locale=es_ES&_rdr","article_modified_time":"2024-11-27T15:14:15+00:00","twitter_card":"summary_large_image","schema":{"@context":"https:\/\/schema.org","@graph":[{"@type":"WebPage","@id":"https:\/\/expoalma.com\/politica-de-cookies\/","url":"https:\/\/expoalma.com\/politica-de-cookies\/","name":"Pol\u00edtica de Cookies - Expoalma SL","isPartOf":{"@id":"https:\/\/expoalma.com\/#website"},"datePublished":"2024-11-27T15:11:43+00:00","dateModified":"2024-11-27T15:14:15+00:00","breadcrumb":{"@id":"https:\/\/expoalma.com\/politica-de-cookies\/#breadcrumb"},"inLanguage":"en-GB","potentialAction":[{"@type":"ReadAction","target":["https:\/\/expoalma.com\/politica-de-cookies\/"]}]},{"@type":"BreadcrumbList","@id":"https:\/\/expoalma.com\/politica-de-cookies\/#breadcrumb","itemListElement":[{"@type":"ListItem","position":1,"name":"Portada","item":"https:\/\/expoalma.com\/"},{"@type":"ListItem","position":2,"name":"Pol\u00edtica de Cookies"}]},{"@type":"WebSite","@id":"https:\/\/expoalma.com\/#website","url":"https:\/\/expoalma.com\/","name":"Expoalma Import - Export","description":"Producci\u00f3n y comercializaci\u00f3n de hortalizas","publisher":{"@id":"https:\/\/expoalma.com\/#organization"},"potentialAction":[{"@type":"SearchAction","target":{"@type":"EntryPoint","urlTemplate":"https:\/\/expoalma.com\/?s={search_term_string}"},"query-input":{"@type":"PropertyValueSpecification","valueRequired":true,"valueName":"search_term_string"}}],"inLanguage":"en-GB"},{"@type":"Organization","@id":"https:\/\/expoalma.com\/#organization","name":"Expoalma Import - Export","url":"https:\/\/expoalma.com\/","logo":{"@type":"ImageObject","inLanguage":"en-GB","@id":"https:\/\/expoalma.com\/#\/schema\/logo\/image\/","url":"https:\/\/expoalma.com\/wp-content\/uploads\/2024\/09\/logo.jpg","contentUrl":"https:\/\/expoalma.com\/wp-content\/uploads\/2024\/09\/logo.jpg","width":945,"height":435,"caption":"Expoalma Import - Export"},"image":{"@id":"https:\/\/expoalma.com\/#\/schema\/logo\/image\/"},"sameAs":["https:\/\/www.facebook.com\/profile.php?id=100063891732367&locale=es_ES&_rdr"]}]}},"_links":{"self":[{"href":"https:\/\/expoalma.com\/en\/wp-json\/wp\/v2\/pages\/444","targetHints":{"allow":["GET"]}}],"collection":[{"href":"https:\/\/expoalma.com\/en\/wp-json\/wp\/v2\/pages"}],"about":[{"href":"https:\/\/expoalma.com\/en\/wp-json\/wp\/v2\/types\/page"}],"author":[{"embeddable":true,"href":"https:\/\/expoalma.com\/en\/wp-json\/wp\/v2\/users\/2"}],"replies":[{"embeddable":true,"href":"https:\/\/expoalma.com\/en\/wp-json\/wp\/v2\/comments?post=444"}],"version-history":[{"count":3,"href":"https:\/\/expoalma.com\/en\/wp-json\/wp\/v2\/pages\/444\/revisions"}],"predecessor-version":[{"id":448,"href":"https:\/\/expoalma.com\/en\/wp-json\/wp\/v2\/pages\/444\/revisions\/448"}],"wp:attachment":[{"href":"https:\/\/expoalma.com\/en\/wp-json\/wp\/v2\/media?parent=444"}],"curies":[{"name":"wp","href":"https:\/\/api.w.org\/{rel}","templated":true}]}}